{"id":2625,"date":"2016-08-08T23:50:50","date_gmt":"2016-08-08T20:50:50","guid":{"rendered":"http:\/\/nuuksioclassic.com\/en\/?page_id=2625"},"modified":"2016-08-27T11:56:05","modified_gmt":"2016-08-27T08:56:05","slug":"osanottajatparticipants-2016","status":"publish","type":"page","link":"https:\/\/nuuksioclassic.com\/en\/osanottajatparticipants-2016\/","title":{"rendered":"Participants 2016"},"content":{"rendered":"<p>This page shows the\u00a0participant list with latest updates. Check\u00a0your information and notify us by email at nuuksioclassic(at)gmail.com\u00a0if you find something that needs to\u00a0be corrected.<\/p>\n<p><a href=\"http:\/\/www.racetecresults.com\/Results.aspx?CId=16587&#038;RId=63\" target=\"_blank\">Avaa t\u00e4st\u00e4 laajempaan n\u00e4kym\u00e4\u00e4n<\/a>.<\/p>\n<p><iframe loading=\"lazy\" id=\"raceresults\" src=\"http:\/\/www.racetecresults.com\/Results.aspx?CId=16587&#038;RId=63\" name=\"raceresults\" width=\"100%\" height=\"1500\" frameborder=\"0\" scrolling=\"auto\"><\/iframe><\/p>\n<p>&nbsp;<\/p>\n","protected":false},"excerpt":{"rendered":"<p>This page shows the\u00a0participant list with latest updates. Check\u00a0your information and notify us by email at nuuksioclassic(at)gmail.com\u00a0if you find something that needs to\u00a0be corrected. Avaa t\u00e4st\u00e4 laajempaan n\u00e4kym\u00e4\u00e4n. &nbsp;<\/p>\n","protected":false},"author":2,"featured_media":0,"parent":0,"menu_order":0,"comment_status":"closed","ping_status":"closed","template":"","meta":{"_genesis_hide_title":false,"_genesis_hide_breadcrumbs":false,"_genesis_hide_singular_image":false,"_genesis_hide_footer_widgets":false,"_genesis_custom_body_class":"","_genesis_custom_post_class":"","_genesis_layout":"full-width-content","footnotes":""},"class_list":{"0":"post-2625","1":"page","2":"type-page","3":"status-publish","5":"entry"},"jetpack_sharing_enabled":true,"_links":{"self":[{"href":"https:\/\/nuuksioclassic.com\/en\/wp-json\/wp\/v2\/pages\/2625","targetHints":{"allow":["GET"]}}],"collection":[{"href":"https:\/\/nuuksioclassic.com\/en\/wp-json\/wp\/v2\/pages"}],"about":[{"href":"https:\/\/nuuksioclassic.com\/en\/wp-json\/wp\/v2\/types\/page"}],"author":[{"embeddable":true,"href":"https:\/\/nuuksioclassic.com\/en\/wp-json\/wp\/v2\/users\/2"}],"replies":[{"embeddable":true,"href":"https:\/\/nuuksioclassic.com\/en\/wp-json\/wp\/v2\/comments?post=2625"}],"version-history":[{"count":3,"href":"https:\/\/nuuksioclassic.com\/en\/wp-json\/wp\/v2\/pages\/2625\/revisions"}],"predecessor-version":[{"id":2764,"href":"https:\/\/nuuksioclassic.com\/en\/wp-json\/wp\/v2\/pages\/2625\/revisions\/2764"}],"wp:attachment":[{"href":"https:\/\/nuuksioclassic.com\/en\/wp-json\/wp\/v2\/media?parent=2625"}],"curies":[{"name":"wp","href":"https:\/\/api.w.org\/{rel}","templated":true}]}}