{"id":2708,"date":"2016-08-17T12:10:18","date_gmt":"2016-08-17T09:10:18","guid":{"rendered":"http:\/\/nuuksioclassic.com\/en\/?page_id=2708"},"modified":"2016-08-17T12:10:18","modified_gmt":"2016-08-17T09:10:18","slug":"tapahtuman-taustaa","status":"publish","type":"page","link":"https:\/\/nuuksioclassic.com\/en\/history\/tapahtuman-taustaa\/","title":{"rendered":"Tapahtuman taustaa"},"content":{"rendered":"<p>Nuuksio Classic on raskas mutta el\u00e4myksellinen polkujuoksutapahtuma Etel\u00e4-Suomen upeimmilla poluilla Nuuksion kansallispuistossa. Reitin pituus on 42,2km eli t\u00e4ysi maraton. My\u00f6s sarjajako on yksinkertainen: Miehet, naiset, ja joukkue.\u00a0Tapahtuma j\u00e4rjestettiin ensimm\u00e4isen kerran vuonna 2012, ja se valloitti heti paikkansa polkujuoksijoiden syd\u00e4miss\u00e4. Siit\u00e4 on tavoitteena tehd\u00e4 nimens\u00e4 mukaisesti pitk\u00e4aikainen perinne, yksi Suomen ulkoilmaurheilun klassikoista.<\/p>\n<p>Juoksureitti kulkee Nuuksion alueen hienoimmissa maisemissa ja palkitsee kiert\u00e4j\u00e4ns\u00e4 upeilla luontoel\u00e4myksill\u00e4, mutta vaatii my\u00f6s veronsa pitk\u00e4n matkan, raskaan maastopohjan ja vaativan korkeusprofiilin vuoksi. Reitti on l\u00e4hes kokonaan isompia ja pienempi\u00e4 mets\u00e4polkuja,\u00a0mukana on vain muutama lyhyt tie- ja mets\u00e4tiep\u00e4tk\u00e4.<\/p>\n<p>Tapahtumalla on kaksi p\u00e4\u00e4tavoitetta, edist\u00e4\u00e4 polkujuoksun tunnettuutta ja harrastusmahdollisuuksia Suomessa sek\u00e4 tarjota osanottajilleen unohtumaton urheiluel\u00e4mys ja -haaste hienoimmissa mahdollisissa\u00a0olosuhteissa.<\/p>\n<p>Jos siis fyysiset haasteet, urheileminen luonnossa ja seikkailuhenki ovat l\u00e4hell\u00e4 syd\u00e4nt\u00e4si, t\u00e4m\u00e4 tapahtuma on juuri sinulle!<\/p>\n<figure id=\"attachment_2383\" aria-describedby=\"caption-attachment-2383\" style=\"width: 1000px\" class=\"wp-caption alignnone\"><img loading=\"lazy\" decoding=\"async\" class=\"wp-image-2383 size-full\" src=\"http:\/\/f46305b2fc.nxcli.io\/wp-content\/uploads\/2012\/03\/DSC_8022.jpg\" alt=\"DSC_8022\" width=\"1000\" height=\"494\" srcset=\"https:\/\/nuuksioclassic.com\/wp-content\/uploads\/2012\/03\/DSC_8022.jpg 1000w, https:\/\/nuuksioclassic.com\/wp-content\/uploads\/2012\/03\/DSC_8022-300x148.jpg 300w, https:\/\/nuuksioclassic.com\/wp-content\/uploads\/2012\/03\/DSC_8022-900x445.jpg 900w\" sizes=\"auto, (max-width: 1000px) 100vw, 1000px\" \/><figcaption id=\"caption-attachment-2383\" class=\"wp-caption-text\">Vilskett\u00e4 Punarinnankierroksen polulla Valklammen l\u00e4hist\u00f6ll\u00e4. Kuva: Poppis Suomela<\/figcaption><\/figure>\n<p><strong><br \/>\n<\/strong>Tapahtuman osanottomaksusta huomattava osa lahjoitetaan hyv\u00e4ntekev\u00e4isyyteen osanottajien yhdess\u00e4 p\u00e4\u00e4tt\u00e4m\u00e4\u00e4n tarkoitukseen. Vuonna 2015 <a href=\"http:\/\/f46305b2fc.nxcli.io\/nuuksio-classic-2015-lahjoitus-nuuksion-kansallispuiston-polkujen-yllpitoon\/\">kohteeksi<\/a> valikoitui Nuuksion kansallipuiston polkujen yll\u00e4pito. Lahjoituksella\u00a0hankittiin pitkospuumateriaaleja. N\u00e4in saamme tapahtuman avulla parannettua muidenkin ulkoilijoiden mahdollisuuksia liikkua Nuuksion luonnossa.<\/p>\n<p>Vuoden 2014 lahjoituskohde oli\u00a0lasten ja nuorten syrj\u00e4ytymisen ehk\u00e4isy liikunnan keinoin <a href=\"http:\/\/www.icehearts.fi\" target=\"_blank\">Icehearts<\/a>-toiminnan kautta. 2013 tuki ohjattiin uuden <a href=\"http:\/\/uusilastensairaala2017.fi\/\" target=\"_blank\">lastensairaalan<\/a> rakennusprojektille ja 2012 It\u00e4meren suojeluun WWF:n operaatio Merenneidon kautta.<\/p>\n<p>Nuuksio Classic on BUFF\u00ae Trail Tour Finland -polkujuoksusarjan osakilpailu 6\/7. Lis\u00e4tietoja Trail Tourista l\u00f6ytyy osoitteessa <a href=\"http:\/\/www.trailrunning.fi\/osakilpailut-2015\/\" target=\"_blank\">www.trailrunning.fi<\/a>.<\/p>\n<figure id=\"attachment_2381\" aria-describedby=\"caption-attachment-2381\" style=\"width: 1000px\" class=\"wp-caption alignnone\"><img loading=\"lazy\" decoding=\"async\" class=\"wp-image-2381 size-full\" src=\"http:\/\/f46305b2fc.nxcli.io\/wp-content\/uploads\/2012\/03\/11942303_902775009813097_1298613381254006482_o.jpg\" alt=\"\" width=\"1000\" height=\"494\" srcset=\"https:\/\/nuuksioclassic.com\/wp-content\/uploads\/2012\/03\/11942303_902775009813097_1298613381254006482_o.jpg 1000w, https:\/\/nuuksioclassic.com\/wp-content\/uploads\/2012\/03\/11942303_902775009813097_1298613381254006482_o-300x148.jpg 300w, https:\/\/nuuksioclassic.com\/wp-content\/uploads\/2012\/03\/11942303_902775009813097_1298613381254006482_o-900x445.jpg 900w\" sizes=\"auto, (max-width: 1000px) 100vw, 1000px\" \/><figcaption id=\"caption-attachment-2381\" class=\"wp-caption-text\">Vuoden 2015 tyytyv\u00e4isi\u00e4 maali-ilmeit\u00e4 ukkoskuuron suihkussa. Kuva: Poppis Suomela<\/figcaption><\/figure>\n<p>&nbsp;<br \/>\nTutustu tapahtuman\u00a0tunnelmaan vuoden 2015 kisavideosta:<\/p>\n<p><iframe loading=\"lazy\" src=\"https:\/\/www.youtube.com\/embed\/u4gyLlekjvw\" width=\"640\" height=\"360\" frameborder=\"0\" allowfullscreen=\"allowfullscreen\"><\/iframe><\/p>\n","protected":false},"excerpt":{"rendered":"<p>Nuuksio Classic on raskas mutta el\u00e4myksellinen polkujuoksutapahtuma Etel\u00e4-Suomen upeimmilla poluilla Nuuksion kansallispuistossa. Reitin pituus on 42,2km eli t\u00e4ysi maraton. My\u00f6s sarjajako on yksinkertainen: Miehet, naiset, ja joukkue.\u00a0Tapahtuma j\u00e4rjestettiin ensimm\u00e4isen kerran vuonna 2012, ja se valloitti heti paikkansa polkujuoksijoiden syd\u00e4miss\u00e4. Siit\u00e4 on tavoitteena tehd\u00e4 nimens\u00e4 mukaisesti pitk\u00e4aikainen perinne, yksi Suomen ulkoilmaurheilun klassikoista. Juoksureitti kulkee Nuuksion alueen [&hellip;]<\/p>\n","protected":false},"author":1,"featured_media":0,"parent":2572,"menu_order":0,"comment_status":"closed","ping_status":"closed","template":"","meta":{"_genesis_hide_title":false,"_genesis_hide_breadcrumbs":false,"_genesis_hide_singular_image":false,"_genesis_hide_footer_widgets":false,"_genesis_custom_body_class":"","_genesis_custom_post_class":"","_genesis_layout":"","footnotes":""},"class_list":{"0":"post-2708","1":"page","2":"type-page","3":"status-publish","5":"entry"},"jetpack_sharing_enabled":true,"_links":{"self":[{"href":"https:\/\/nuuksioclassic.com\/en\/wp-json\/wp\/v2\/pages\/2708","targetHints":{"allow":["GET"]}}],"collection":[{"href":"https:\/\/nuuksioclassic.com\/en\/wp-json\/wp\/v2\/pages"}],"about":[{"href":"https:\/\/nuuksioclassic.com\/en\/wp-json\/wp\/v2\/types\/page"}],"author":[{"embeddable":true,"href":"https:\/\/nuuksioclassic.com\/en\/wp-json\/wp\/v2\/users\/1"}],"replies":[{"embeddable":true,"href":"https:\/\/nuuksioclassic.com\/en\/wp-json\/wp\/v2\/comments?post=2708"}],"version-history":[{"count":1,"href":"https:\/\/nuuksioclassic.com\/en\/wp-json\/wp\/v2\/pages\/2708\/revisions"}],"predecessor-version":[{"id":2709,"href":"https:\/\/nuuksioclassic.com\/en\/wp-json\/wp\/v2\/pages\/2708\/revisions\/2709"}],"up":[{"embeddable":true,"href":"https:\/\/nuuksioclassic.com\/en\/wp-json\/wp\/v2\/pages\/2572"}],"wp:attachment":[{"href":"https:\/\/nuuksioclassic.com\/en\/wp-json\/wp\/v2\/media?parent=2708"}],"curies":[{"name":"wp","href":"https:\/\/api.w.org\/{rel}","templated":true}]}}